{"id":55,"date":"2022-06-15T22:53:55","date_gmt":"2022-06-15T22:53:55","guid":{"rendered":"https:\/\/hiltonmendoncaarari.com.br\/?page_id=55"},"modified":"2025-04-24T14:04:58","modified_gmt":"2025-04-24T17:04:58","slug":"amigos","status":"publish","type":"page","link":"https:\/\/hiltonmendoncaarari.com.br\/index.php\/amigos\/","title":{"rendered":"LIVROS DIGITALIZADOS"},"content":{"rendered":"\n<p><strong>LIVRO ARARI, CANDIDATURA \u00c0 INTEND\u00caNCIA &#8211; 1919<\/strong>, de Francisco M. Cardoso.<\/p>\n\n\n\n<p>Essa valiosa obra da literatura arariense est\u00e1 digitalizada em suas duas edi\u00e7\u00f5es, publicadas por Jo\u00e3o Batalha. A elas anexei artigos do autor do livro, o prof. CARDOSO, e tamb\u00e9m uma mat\u00e9ria que cont\u00e9m a foto da Rua Grande, onde se passaram os fatos narrados. Ainda h\u00e1 um v\u00eddeo no youtube, que pode ser encontrado digitando Arari 100 anos&#8230;, que eu fiz, para aprofundar o estudo desse livro. Hilton Mendon\u00e7a, 7 de maio de 2024.<\/p>\n\n\n\n<div class=\"wp-block-algori-pdf-viewer-block-algori-pdf-viewer\"><iframe class=\"wp-block-algori-pdf-viewer-block-algori-pdf-viewer-iframe\" src=\"https:\/\/hiltonmendoncaarari.com.br\/wp-content\/plugins\/algori-pdf-viewer\/dist\/web\/viewer.html?file=https%3A%2F%2Fhiltonmendoncaarari.com.br%2Fwp-content%2Fuploads%2F2024%2F05%2FCANDIDATURA-521-mb.pdf\" style=\"width:1200px;height:450px\"><\/iframe><\/div>\n\n\n\n<p class=\"has-medium-font-size\">                                 <strong>HIST\u00d3RIA ORAL DE ARARI &#8211; ENTREVISTAS<\/strong><\/p>\n\n\n\n<div class=\"wp-block-algori-pdf-viewer-block-algori-pdf-viewer\"><iframe class=\"wp-block-algori-pdf-viewer-block-algori-pdf-viewer-iframe\" src=\"https:\/\/hiltonmendoncaarari.com.br\/wp-content\/plugins\/algori-pdf-viewer\/dist\/web\/viewer.html?file=https%3A%2F%2Fhiltonmendoncaarari.com.br%2Fwp-content%2Fuploads%2F2025%2F04%2FHISTORIA-ORAL-DE-ARARI-Hilton-Mendonca-1.pdf\" style=\"width:1200px;height:450px\"><\/iframe><\/div>\n\n\n\n<p><\/p>\n\n\n\n<p class=\"has-medium-font-size\">                                   <strong>AGAURDE A REATIVA\u00c7\u00c3O DOS LIVROS    ASSUNTOS ARARIENSES I e II<\/strong><\/p>\n\n\n\n<p><strong>ASSUNTOS ARARIENSES I<\/strong>, de Brandt e Silva (Agrade\u00e7o a gentileza de Vilma, do Arquivo P\u00fablico de S\u00e3o Lu\u00eds, que viabilizou a digitaliza\u00e7\u00e3o deste livro. Hilton Mendon\u00e7a)<\/p>\n\n\n\n<iframe src=https:\/\/drive.google.com\/file\/d\/1L9ULCSdHSDg-sNTi45rEzhHotnoaWK4C\/preview width=1100px height= 400px><\/iframe>\n\n\n\n<p><strong>ASSUNTOS ARARIENSES II,<\/strong> de Brandt e Silva (Agrade\u00e7o a gentileza de Vilma, do Arquivo P\u00fablico de S\u00e3o Lu\u00eds, que viabilizou a digitaliza\u00e7\u00e3o deste livro. Hilton Mendon\u00e7a)<\/p>\n\n\n\n<iframe src=https:\/\/drive.google.com\/file\/d\/1fk6Fjie1N9I1rG2g531qgb1FoqfXNa0I\/preview width=1100px height= 400px><\/iframe>\n\n\n\n<p>FAM\u00cdLIAS ARARIENSES, de Brandt e Silva  5, 6, 7 e 12A (Livro digitalizado por Hilton Mendon\u00e7a)<\/p>\n\n\n\n<div class=\"wp-block-algori-pdf-viewer-block-algori-pdf-viewer\"><iframe class=\"wp-block-algori-pdf-viewer-block-algori-pdf-viewer-iframe\" src=\"https:\/\/hiltonmendoncaarari.com.br\/wp-content\/plugins\/algori-pdf-viewer\/dist\/web\/viewer.html?file=https%3A%2F%2Fhiltonmendoncaarari.com.br%2Fwp-content%2Fuploads%2F2024%2F04%2FPDF-do-link-da-pag.pdf\" style=\"width:1100px;height:400px\"><\/iframe><\/div>\n\n\n\n<p>FAM\u00cdLIAS ARARIENSES, de Brandt e Silva &#8211; 08 Benedito Raimundo da Ericeira (Idem)<\/p>\n\n\n\n<div class=\"wp-block-algori-pdf-viewer-block-algori-pdf-viewer\"><iframe class=\"wp-block-algori-pdf-viewer-block-algori-pdf-viewer-iframe\" src=\"https:\/\/hiltonmendoncaarari.com.br\/wp-content\/plugins\/algori-pdf-viewer\/dist\/web\/viewer.html?file=https%3A%2F%2Fhiltonmendoncaarari.com.br%2Fwp-content%2Fuploads%2F2024%2F04%2FPDF-do-link-da-pag-1.pdf\" style=\"width:1100px;height:400px\"><\/iframe><\/div>\n\n\n\n<p><strong>FAM\u00cdLIAS ARARIENSES<\/strong>, de Brandt e Silva  02 Louren\u00e7o da Cruz Bogea (Livro digitalizado por Hilton)<\/p>\n\n\n\n<div class=\"wp-block-algori-pdf-viewer-block-algori-pdf-viewer\"><iframe class=\"wp-block-algori-pdf-viewer-block-algori-pdf-viewer-iframe\" src=\"https:\/\/hiltonmendoncaarari.com.br\/wp-content\/plugins\/algori-pdf-viewer\/dist\/web\/viewer.html?file=https%3A%2F%2Fhiltonmendoncaarari.com.br%2Fwp-content%2Fuploads%2F2024%2F04%2FPDF-do-link-da-pagina.pdf\" style=\"width:1100px;height:400px\"><\/iframe><\/div>\n\n\n\n<p><strong>FAM\u00cdLIAS ARARIENSES<\/strong>, de Brandt e Silva  <strong>04 Pedro Leandro Fernandes<\/strong>  (Idem)<\/p>\n\n\n\n<div class=\"wp-block-algori-pdf-viewer-block-algori-pdf-viewer\"><iframe class=\"wp-block-algori-pdf-viewer-block-algori-pdf-viewer-iframe\" src=\"https:\/\/hiltonmendoncaarari.com.br\/wp-content\/plugins\/algori-pdf-viewer\/dist\/web\/viewer.html?file=https%3A%2F%2Fhiltonmendoncaarari.com.br%2Fwp-content%2Fuploads%2F2024%2F04%2F35.pdf\" style=\"width:1100px;height:400px\"><\/iframe><\/div>\n\n\n\n<p><strong>ESCRITOS SEM ORDEM<\/strong>, de Brandt e Silva  Terceira S\u00e9rie (Livro digitalizado por Hilton Mendon\u00e7a)<\/p>\n\n\n\n<div class=\"wp-block-algori-pdf-viewer-block-algori-pdf-viewer\"><iframe class=\"wp-block-algori-pdf-viewer-block-algori-pdf-viewer-iframe\" src=\"https:\/\/hiltonmendoncaarari.com.br\/wp-content\/plugins\/algori-pdf-viewer\/dist\/web\/viewer.html?file=https%3A%2F%2Fhiltonmendoncaarari.com.br%2Fwp-content%2Fuploads%2F2024%2F04%2FLivro-CINCO.pdf\" style=\"width:1100px;height:400px\"><\/iframe><\/div>\n\n\n\n<figure class=\"wp-block-image size-large\"><img loading=\"lazy\" decoding=\"async\" width=\"1024\" height=\"1024\" src=\"https:\/\/hiltonmendoncaarari.com.br\/wp-content\/uploads\/2024\/07\/3-fontes-do-livro-Candidatura-hmadv-1024x1024.jpeg\" alt=\"\" class=\"wp-image-6803\" srcset=\"https:\/\/hiltonmendoncaarari.com.br\/wp-content\/uploads\/2024\/07\/3-fontes-do-livro-Candidatura-hmadv-1024x1024.jpeg 1024w, https:\/\/hiltonmendoncaarari.com.br\/wp-content\/uploads\/2024\/07\/3-fontes-do-livro-Candidatura-hmadv-300x300.jpeg 300w, https:\/\/hiltonmendoncaarari.com.br\/wp-content\/uploads\/2024\/07\/3-fontes-do-livro-Candidatura-hmadv-150x150.jpeg 150w, https:\/\/hiltonmendoncaarari.com.br\/wp-content\/uploads\/2024\/07\/3-fontes-do-livro-Candidatura-hmadv-768x768.jpeg 768w, https:\/\/hiltonmendoncaarari.com.br\/wp-content\/uploads\/2024\/07\/3-fontes-do-livro-Candidatura-hmadv-1536x1536.jpeg 1536w, https:\/\/hiltonmendoncaarari.com.br\/wp-content\/uploads\/2024\/07\/3-fontes-do-livro-Candidatura-hmadv-230x230.jpeg 230w, https:\/\/hiltonmendoncaarari.com.br\/wp-content\/uploads\/2024\/07\/3-fontes-do-livro-Candidatura-hmadv-365x365.jpeg 365w, https:\/\/hiltonmendoncaarari.com.br\/wp-content\/uploads\/2024\/07\/3-fontes-do-livro-Candidatura-hmadv.jpeg 1600w\" sizes=\"auto, (max-width: 1024px) 100vw, 1024px\" \/><\/figure>\n\n\n\n<div class=\"wp-block-algori-pdf-viewer-block-algori-pdf-viewer\"><iframe class=\"wp-block-algori-pdf-viewer-block-algori-pdf-viewer-iframe\" src=\"https:\/\/hiltonmendoncaarari.com.br\/wp-content\/plugins\/algori-pdf-viewer\/dist\/web\/viewer.html?file=https%3A%2F%2Fhiltonmendoncaarari.com.br%2Fwp-content%2Fuploads%2F2024%2F07%2FE-book-DEFINTIVO.pdf\" style=\"width:600px;height:300px\"><\/iframe><\/div>\n\n\n\n<p><\/p>\n","protected":false},"excerpt":{"rendered":"<p>LIVRO ARARI, CANDIDATURA \u00c0 INTEND\u00caNCIA &#8211; 1919, de Francisco M. Cardoso. Essa valiosa obra da literatura arariense est\u00e1 digitalizada em suas duas edi\u00e7\u00f5es, publicadas por Jo\u00e3o Batalha. A elas anexei artigos do autor do livro, o prof. CARDOSO, e tamb\u00e9m<\/p>\n","protected":false},"author":1,"featured_media":0,"parent":0,"menu_order":130,"comment_status":"closed","ping_status":"closed","template":"","meta":{"_uag_custom_page_level_css":"","footnotes":""},"class_list":["post-55","page","type-page","status-publish","hentry"],"aioseo_notices":[],"uagb_featured_image_src":{"full":false,"thumbnail":false,"medium":false,"medium_large":false,"large":false,"1536x1536":false,"2048x2048":false,"featured-blog-large":false,"featured-blog-small":false,"featured-service":false,"featured-recent-work":false},"uagb_author_info":{"display_name":"HMararima","author_link":"https:\/\/hiltonmendoncaarari.com.br\/index.php\/author\/hmararima\/"},"uagb_comment_info":0,"uagb_excerpt":"LIVRO ARARI, CANDIDATURA \u00c0 INTEND\u00caNCIA &#8211; 1919, de Francisco M. Cardoso. Essa valiosa obra da literatura arariense est\u00e1 digitalizada em suas duas edi\u00e7\u00f5es, publicadas por Jo\u00e3o Batalha. A elas anexei artigos do autor do livro, o prof. CARDOSO, e tamb\u00e9m","_links":{"self":[{"href":"https:\/\/hiltonmendoncaarari.com.br\/index.php\/wp-json\/wp\/v2\/pages\/55","targetHints":{"allow":["GET"]}}],"collection":[{"href":"https:\/\/hiltonmendoncaarari.com.br\/index.php\/wp-json\/wp\/v2\/pages"}],"about":[{"href":"https:\/\/hiltonmendoncaarari.com.br\/index.php\/wp-json\/wp\/v2\/types\/page"}],"author":[{"embeddable":true,"href":"https:\/\/hiltonmendoncaarari.com.br\/index.php\/wp-json\/wp\/v2\/users\/1"}],"replies":[{"embeddable":true,"href":"https:\/\/hiltonmendoncaarari.com.br\/index.php\/wp-json\/wp\/v2\/comments?post=55"}],"version-history":[{"count":28,"href":"https:\/\/hiltonmendoncaarari.com.br\/index.php\/wp-json\/wp\/v2\/pages\/55\/revisions"}],"predecessor-version":[{"id":6978,"href":"https:\/\/hiltonmendoncaarari.com.br\/index.php\/wp-json\/wp\/v2\/pages\/55\/revisions\/6978"}],"wp:attachment":[{"href":"https:\/\/hiltonmendoncaarari.com.br\/index.php\/wp-json\/wp\/v2\/media?parent=55"}],"curies":[{"name":"wp","href":"https:\/\/api.w.org\/{rel}","templated":true}]}}