{"id":3270,"date":"2023-09-12T11:45:06","date_gmt":"2023-09-12T11:45:06","guid":{"rendered":"https:\/\/hiltonmendoncaarari.com.br\/?page_id=3270"},"modified":"2024-04-12T23:24:03","modified_gmt":"2024-04-12T23:24:03","slug":"contato-2","status":"publish","type":"page","link":"https:\/\/hiltonmendoncaarari.com.br\/index.php\/contato-2\/","title":{"rendered":"Contato e Cat\u00e1logo de livros"},"content":{"rendered":"\n<div class=\"wp-block-uagb-advanced-heading uagb-block-b9ba6a17\"><h2 class=\"uagb-heading-text\">Abaixo voc\u00ea acessa a \u00edntegra do CAT\u00c1LOGO, no qual est\u00e3o listados todos os livros, revistas e, a partir da p\u00e1g. 60, voc\u00ea encontra a rela\u00e7\u00e3o de todas as mat\u00e9rias j\u00e1 escritas sobre Arari. <\/h2><\/div>\n\n\n\n<figure class=\"wp-block-embed is-type-video is-provider-youtube wp-block-embed-youtube wp-embed-aspect-16-9 wp-has-aspect-ratio\"><div class=\"wp-block-embed__wrapper\">\n<iframe loading=\"lazy\" title=\"Como achar livro na estante hmadv\" width=\"720\" height=\"405\" src=\"https:\/\/www.youtube.com\/embed\/pl-HNToFCbw?feature=oembed\" frameborder=\"0\" allow=\"accelerometer; autoplay; clipboard-write; encrypted-media; gyroscope; picture-in-picture; web-share\" referrerpolicy=\"strict-origin-when-cross-origin\" allowfullscreen><\/iframe>\n<\/div><\/figure>\n\n\n\n<figure class=\"wp-block-image size-large\"><img loading=\"lazy\" decoding=\"async\" width=\"768\" height=\"1024\" src=\"https:\/\/hiltonmendoncaarari.com.br\/wp-content\/uploads\/2024\/04\/0-Imagem-para-CAPA-do-Catalogo-768x1024.jpg\" alt=\"\" class=\"wp-image-6521\" srcset=\"https:\/\/hiltonmendoncaarari.com.br\/wp-content\/uploads\/2024\/04\/0-Imagem-para-CAPA-do-Catalogo-768x1024.jpg 768w, https:\/\/hiltonmendoncaarari.com.br\/wp-content\/uploads\/2024\/04\/0-Imagem-para-CAPA-do-Catalogo-225x300.jpg 225w, https:\/\/hiltonmendoncaarari.com.br\/wp-content\/uploads\/2024\/04\/0-Imagem-para-CAPA-do-Catalogo-1152x1536.jpg 1152w, https:\/\/hiltonmendoncaarari.com.br\/wp-content\/uploads\/2024\/04\/0-Imagem-para-CAPA-do-Catalogo-1536x2048.jpg 1536w, https:\/\/hiltonmendoncaarari.com.br\/wp-content\/uploads\/2024\/04\/0-Imagem-para-CAPA-do-Catalogo-scaled.jpg 1920w\" sizes=\"auto, (max-width: 768px) 100vw, 768px\" \/><\/figure>\n\n\n\n<div class=\"wp-block-algori-pdf-viewer-block-algori-pdf-viewer\"><iframe class=\"wp-block-algori-pdf-viewer-block-algori-pdf-viewer-iframe\" src=\"https:\/\/hiltonmendoncaarari.com.br\/wp-content\/plugins\/algori-pdf-viewer\/dist\/web\/viewer.html?file=https%3A%2F%2Fhiltonmendoncaarari.com.br%2Fwp-content%2Fuploads%2F2024%2F04%2FMIOLO-CATALOG-compactado-352MB.pdf\" style=\"width:940px;height:456px\"><\/iframe><\/div>\n\n\n<p><strong><span style=\"font-size: 20px;\">Entre em contato, enviando uma mensagem:<\/span><\/strong><\/p>\n\n<style id=\"wpforms-css-vars-3268\">\n\t\t\t\t#wpforms-3268 {\n\t\t\t\t\n\t\t\t}\n\t\t\t<\/style><div class=\"wpforms-container wpforms-container-full wpforms-render-modern\" id=\"wpforms-3268\"><form id=\"wpforms-form-3268\" class=\"wpforms-validate wpforms-form wpforms-ajax-form\" data-formid=\"3268\" method=\"post\" enctype=\"multipart\/form-data\" action=\"\/index.php\/wp-json\/wp\/v2\/pages\/3270\" data-token=\"1541026e8c64ddf33d8bd757e71b6478\" data-token-time=\"1777533077\"><noscript class=\"wpforms-error-noscript\">Ative o JavaScript no seu navegador para preencher este formul\u00e1rio.<\/noscript><div id=\"wpforms-error-noscript\" style=\"display: none;\">Ative o JavaScript no seu navegador para preencher este formul\u00e1rio.<\/div><div class=\"wpforms-field-container\"><div id=\"wpforms-3268-field_0-container\" class=\"wpforms-field wpforms-field-name\" data-field-id=\"0\"><fieldset><legend class=\"wpforms-field-label\">Nome <span class=\"wpforms-required-label\" aria-hidden=\"true\">*<\/span><\/legend><div class=\"wpforms-field-row wpforms-field-medium\"><div class=\"wpforms-field-row-block wpforms-first wpforms-one-half\"><input type=\"text\" id=\"wpforms-3268-field_0\" class=\"wpforms-field-name-first wpforms-field-required\" name=\"wpforms[fields][0][first]\" aria-errormessage=\"wpforms-3268-field_0-error\" required><label for=\"wpforms-3268-field_0\" class=\"wpforms-field-sublabel after\">Nome<\/label><\/div><div class=\"wpforms-field-row-block wpforms-one-half\"><input type=\"text\" id=\"wpforms-3268-field_0-last\" class=\"wpforms-field-name-last wpforms-field-required\" name=\"wpforms[fields][0][last]\" aria-errormessage=\"wpforms-3268-field_0-last-error\" required><label for=\"wpforms-3268-field_0-last\" class=\"wpforms-field-sublabel after\">Sobrenome<\/label><\/div><\/div><\/fieldset><\/div><div id=\"wpforms-3268-field_1-container\" class=\"wpforms-field wpforms-field-email\" data-field-id=\"1\"><label class=\"wpforms-field-label\" for=\"wpforms-3268-field_1\">E-mail <span class=\"wpforms-required-label\" aria-hidden=\"true\">*<\/span><\/label><input type=\"email\" id=\"wpforms-3268-field_1\" class=\"wpforms-field-medium wpforms-field-required\" name=\"wpforms[fields][1]\" spellcheck=\"false\" aria-errormessage=\"wpforms-3268-field_1-error\" required><\/div><div id=\"wpforms-3268-field_3-container\" class=\"wpforms-field wpforms-field-number\" data-field-id=\"3\"><label class=\"wpforms-field-label\" for=\"wpforms-3268-field_3\">N\u00famero de telefone <span class=\"wpforms-required-label\" aria-hidden=\"true\">*<\/span><\/label><input type=\"number\" id=\"wpforms-3268-field_3\" class=\"wpforms-field-medium wpforms-field-required\" name=\"wpforms[fields][3]\" step=\"any\" aria-errormessage=\"wpforms-3268-field_3-error\" required><\/div><div id=\"wpforms-3268-field_2-container\" class=\"wpforms-field wpforms-field-textarea\" data-field-id=\"2\"><label class=\"wpforms-field-label\" for=\"wpforms-3268-field_2\">Coment\u00e1rio ou Mensagem<\/label><textarea id=\"wpforms-3268-field_2\" class=\"wpforms-field-medium\" name=\"wpforms[fields][2]\" aria-errormessage=\"wpforms-3268-field_2-error\" ><\/textarea><\/div><\/div><!-- .wpforms-field-container --><div class=\"wpforms-submit-container\" ><input type=\"hidden\" name=\"wpforms[id]\" value=\"3268\"><input type=\"hidden\" name=\"page_title\" value=\"\"><input type=\"hidden\" name=\"page_url\" value=\"https:\/\/hiltonmendoncaarari.com.br\/index.php\/wp-json\/wp\/v2\/pages\/3270\"><input type=\"hidden\" name=\"url_referer\" value=\"\"><button type=\"submit\" name=\"wpforms[submit]\" id=\"wpforms-submit-3268\" class=\"wpforms-submit\" data-alt-text=\"Enviando\u2026\" data-submit-text=\"Enviar\" aria-live=\"assertive\" value=\"wpforms-submit\">Enviar<\/button><img loading=\"lazy\" decoding=\"async\" src=\"https:\/\/hiltonmendoncaarari.com.br\/wp-content\/plugins\/wpforms-lite\/assets\/images\/submit-spin.svg\" class=\"wpforms-submit-spinner\" style=\"display: none;\" width=\"26\" height=\"26\" alt=\"Carregando\"><\/div><\/form><\/div>  <!-- .wpforms-container -->\n","protected":false},"excerpt":{"rendered":"<p>Abaixo voc\u00ea acessa a \u00edntegra do CAT\u00c1LOGO, no qual est\u00e3o listados todos os livros, revistas e, a partir da p\u00e1g. 60, voc\u00ea encontra a rela\u00e7\u00e3o de todas as mat\u00e9rias j\u00e1 escritas sobre Arari. Entre em contato, enviando uma mensagem:<\/p>\n","protected":false},"author":1,"featured_media":0,"parent":0,"menu_order":0,"comment_status":"closed","ping_status":"closed","template":"","meta":{"_uag_custom_page_level_css":"","footnotes":""},"class_list":["post-3270","page","type-page","status-publish","hentry"],"aioseo_notices":[],"uagb_featured_image_src":{"full":false,"thumbnail":false,"medium":false,"medium_large":false,"large":false,"1536x1536":false,"2048x2048":false,"featured-blog-large":false,"featured-blog-small":false,"featured-service":false,"featured-recent-work":false},"uagb_author_info":{"display_name":"HMararima","author_link":"https:\/\/hiltonmendoncaarari.com.br\/index.php\/author\/hmararima\/"},"uagb_comment_info":0,"uagb_excerpt":"Abaixo voc\u00ea acessa a \u00edntegra do CAT\u00c1LOGO, no qual est\u00e3o listados todos os livros, revistas e, a partir da p\u00e1g. 60, voc\u00ea encontra a rela\u00e7\u00e3o de todas as mat\u00e9rias j\u00e1 escritas sobre Arari. Entre em contato, enviando uma mensagem:","_links":{"self":[{"href":"https:\/\/hiltonmendoncaarari.com.br\/index.php\/wp-json\/wp\/v2\/pages\/3270","targetHints":{"allow":["GET"]}}],"collection":[{"href":"https:\/\/hiltonmendoncaarari.com.br\/index.php\/wp-json\/wp\/v2\/pages"}],"about":[{"href":"https:\/\/hiltonmendoncaarari.com.br\/index.php\/wp-json\/wp\/v2\/types\/page"}],"author":[{"embeddable":true,"href":"https:\/\/hiltonmendoncaarari.com.br\/index.php\/wp-json\/wp\/v2\/users\/1"}],"replies":[{"embeddable":true,"href":"https:\/\/hiltonmendoncaarari.com.br\/index.php\/wp-json\/wp\/v2\/comments?post=3270"}],"version-history":[{"count":45,"href":"https:\/\/hiltonmendoncaarari.com.br\/index.php\/wp-json\/wp\/v2\/pages\/3270\/revisions"}],"predecessor-version":[{"id":6558,"href":"https:\/\/hiltonmendoncaarari.com.br\/index.php\/wp-json\/wp\/v2\/pages\/3270\/revisions\/6558"}],"wp:attachment":[{"href":"https:\/\/hiltonmendoncaarari.com.br\/index.php\/wp-json\/wp\/v2\/media?parent=3270"}],"curies":[{"name":"wp","href":"https:\/\/api.w.org\/{rel}","templated":true}]}}